{"id":6455,"date":"2025-03-08T17:12:45","date_gmt":"2025-03-08T16:12:45","guid":{"rendered":"https:\/\/hama-perlen.de\/hamaneu\/?post_type=product&#038;p=6455"},"modified":"2025-03-10T16:04:10","modified_gmt":"2025-03-10T15:04:10","slug":"4905-kleine-blister-packung-juwelen","status":"publish","type":"product","link":"https:\/\/hama-perlen.de\/hamaneu\/product\/4905-kleine-blister-packung-juwelen\/","title":{"rendered":"4906 Kleine Blister-Packung Motivst\u00fctzen"},"content":{"rendered":"<p>20 Motivst\u00fctzen(4 gr\u00fcne, 4 schwarze und 12 transparente)<\/p>\n<p><img loading=\"lazy\" loading=\"lazy\" decoding=\"async\" class=\"alignnone wp-image-6467 size-medium\" src=\"https:\/\/hama-perlen.de\/hamaneu\/wp-content\/uploads\/2025\/03\/4906-3-300x153.jpg\" alt=\"\" width=\"300\" height=\"153\" srcset=\"https:\/\/hama-perlen.de\/hamaneu\/wp-content\/uploads\/2025\/03\/4906-3-300x153.jpg 300w, https:\/\/hama-perlen.de\/hamaneu\/wp-content\/uploads\/2025\/03\/4906-3-4x3.jpg 4w, https:\/\/hama-perlen.de\/hamaneu\/wp-content\/uploads\/2025\/03\/4906-3-10x5.jpg 10w, https:\/\/hama-perlen.de\/hamaneu\/wp-content\/uploads\/2025\/03\/4906-3.jpg 346w\" sizes=\"auto, (max-width: 300px) 100vw, 300px\" \/><\/p>\n","protected":false},"excerpt":{"rendered":"<p>4906 Kleine Blister-Packung Motivst\u00fctzen<\/p>\n","protected":false},"featured_media":6464,"template":"","meta":[],"etheme_brands":[{"term_id":51,"name":"Perlenblister","slug":"perlenblister","term_group":0,"term_taxonomy_id":51,"taxonomy":"brand","description":"","parent":0,"count":34,"filter":"raw"}],"product_brand":[],"product_cat":[67,68],"product_tag":[88,718,85,526],"class_list":{"0":"post-6455","1":"product","2":"type-product","3":"status-publish","4":"has-post-thumbnail","6":"brand-perlenblister","7":"product_cat-midi5","8":"product_cat-neuheiten-midi5","9":"product_tag-ab-5-jahre","10":"product_tag-kleine-blisterpackung","11":"product_tag-midi","12":"product_tag-motivstuetzen","14":"first","15":"instock","16":"taxable","17":"shipping-taxable","18":"purchasable","19":"product-type-simple"},"_links":{"self":[{"href":"https:\/\/hama-perlen.de\/hamaneu\/wp-json\/wp\/v2\/product\/6455","targetHints":{"allow":["GET"]}}],"collection":[{"href":"https:\/\/hama-perlen.de\/hamaneu\/wp-json\/wp\/v2\/product"}],"about":[{"href":"https:\/\/hama-perlen.de\/hamaneu\/wp-json\/wp\/v2\/types\/product"}],"version-history":[{"count":5,"href":"https:\/\/hama-perlen.de\/hamaneu\/wp-json\/wp\/v2\/product\/6455\/revisions"}],"predecessor-version":[{"id":6463,"href":"https:\/\/hama-perlen.de\/hamaneu\/wp-json\/wp\/v2\/product\/6455\/revisions\/6463"}],"wp:featuredmedia":[{"embeddable":true,"href":"https:\/\/hama-perlen.de\/hamaneu\/wp-json\/wp\/v2\/media\/6464"}],"wp:attachment":[{"href":"https:\/\/hama-perlen.de\/hamaneu\/wp-json\/wp\/v2\/media?parent=6455"}],"wp:term":[{"taxonomy":"brand","embeddable":true,"href":"https:\/\/hama-perlen.de\/hamaneu\/wp-json\/wp\/v2\/etheme_brands?post=6455"},{"taxonomy":"product_brand","embeddable":true,"href":"https:\/\/hama-perlen.de\/hamaneu\/wp-json\/wp\/v2\/product_brand?post=6455"},{"taxonomy":"product_cat","embeddable":true,"href":"https:\/\/hama-perlen.de\/hamaneu\/wp-json\/wp\/v2\/product_cat?post=6455"},{"taxonomy":"product_tag","embeddable":true,"href":"https:\/\/hama-perlen.de\/hamaneu\/wp-json\/wp\/v2\/product_tag?post=6455"}],"curies":[{"name":"wp","href":"https:\/\/api.w.org\/{rel}","templated":true}]}}