{"id":3238,"date":"2024-09-06T10:59:38","date_gmt":"2024-09-06T08:59:38","guid":{"rendered":"https:\/\/hama-perlen.de\/hamaneu\/?post_type=product&#038;p=3238"},"modified":"2024-09-19T11:47:11","modified_gmt":"2024-09-19T09:47:11","slug":"3047-super-gp-allround","status":"publish","type":"product","link":"https:\/\/hama-perlen.de\/hamaneu\/product\/3047-super-gp-allround\/","title":{"rendered":"3047 Super GP Allround"},"content":{"rendered":"<p>Super Geschenkpackung mit ca. 6.000 Midiperlen, 3 Stiftplatten: gro\u00dfes Quadrat, gro\u00dfes Sechseck, Delfin, Motivvorlage, Anleitung und B\u00fcgelpapier.<\/p>\n<p><img loading=\"lazy\" loading=\"lazy\" decoding=\"async\" class=\"alignnone wp-image-3961 size-full\" src=\"https:\/\/hama-perlen.de\/hamaneu\/wp-content\/uploads\/2024\/09\/3047inhalt.jpg\" alt=\"\" width=\"1075\" height=\"216\" srcset=\"https:\/\/hama-perlen.de\/hamaneu\/wp-content\/uploads\/2024\/09\/3047inhalt.jpg 1075w, https:\/\/hama-perlen.de\/hamaneu\/wp-content\/uploads\/2024\/09\/3047inhalt-300x60.jpg 300w, https:\/\/hama-perlen.de\/hamaneu\/wp-content\/uploads\/2024\/09\/3047inhalt-1024x206.jpg 1024w, https:\/\/hama-perlen.de\/hamaneu\/wp-content\/uploads\/2024\/09\/3047inhalt-768x154.jpg 768w, https:\/\/hama-perlen.de\/hamaneu\/wp-content\/uploads\/2024\/09\/3047inhalt-600x121.jpg 600w, https:\/\/hama-perlen.de\/hamaneu\/wp-content\/uploads\/2024\/09\/3047inhalt-4x1.jpg 4w, https:\/\/hama-perlen.de\/hamaneu\/wp-content\/uploads\/2024\/09\/3047inhalt-10x2.jpg 10w\" sizes=\"auto, (max-width: 1075px) 100vw, 1075px\" \/><\/p>\n","protected":false},"excerpt":{"rendered":"<p>Super Geschenkpackung mit ca. 6.000 Midiperlen, 3 Stiftplatten: gro\u00dfes Quadrat, gro\u00dfes Sechseck, Delfin, Motivvorlage, Anleitung und B\u00fcgelpapier.<\/p>\n","protected":false},"featured_media":3958,"template":"","meta":[],"etheme_brands":[{"term_id":52,"name":"Geschenkpackung","slug":"geschenkpackung","term_group":0,"term_taxonomy_id":52,"taxonomy":"brand","description":"","parent":0,"count":50,"filter":"raw"}],"product_brand":[],"product_cat":[67,68],"product_tag":[88,282,85,297],"class_list":{"0":"post-3238","1":"product","2":"type-product","3":"status-publish","4":"has-post-thumbnail","6":"brand-geschenkpackung","7":"product_cat-midi5","8":"product_cat-neuheiten-midi5","9":"product_tag-ab-5-jahre","10":"product_tag-geschenkbox","11":"product_tag-midi","12":"product_tag-super-geschenkbox","14":"first","15":"instock","16":"taxable","17":"shipping-taxable","18":"purchasable","19":"product-type-simple"},"_links":{"self":[{"href":"https:\/\/hama-perlen.de\/hamaneu\/wp-json\/wp\/v2\/product\/3238","targetHints":{"allow":["GET"]}}],"collection":[{"href":"https:\/\/hama-perlen.de\/hamaneu\/wp-json\/wp\/v2\/product"}],"about":[{"href":"https:\/\/hama-perlen.de\/hamaneu\/wp-json\/wp\/v2\/types\/product"}],"version-history":[{"count":3,"href":"https:\/\/hama-perlen.de\/hamaneu\/wp-json\/wp\/v2\/product\/3238\/revisions"}],"predecessor-version":[{"id":3963,"href":"https:\/\/hama-perlen.de\/hamaneu\/wp-json\/wp\/v2\/product\/3238\/revisions\/3963"}],"wp:featuredmedia":[{"embeddable":true,"href":"https:\/\/hama-perlen.de\/hamaneu\/wp-json\/wp\/v2\/media\/3958"}],"wp:attachment":[{"href":"https:\/\/hama-perlen.de\/hamaneu\/wp-json\/wp\/v2\/media?parent=3238"}],"wp:term":[{"taxonomy":"brand","embeddable":true,"href":"https:\/\/hama-perlen.de\/hamaneu\/wp-json\/wp\/v2\/etheme_brands?post=3238"},{"taxonomy":"product_brand","embeddable":true,"href":"https:\/\/hama-perlen.de\/hamaneu\/wp-json\/wp\/v2\/product_brand?post=3238"},{"taxonomy":"product_cat","embeddable":true,"href":"https:\/\/hama-perlen.de\/hamaneu\/wp-json\/wp\/v2\/product_cat?post=3238"},{"taxonomy":"product_tag","embeddable":true,"href":"https:\/\/hama-perlen.de\/hamaneu\/wp-json\/wp\/v2\/product_tag?post=3238"}],"curies":[{"name":"wp","href":"https:\/\/api.w.org\/{rel}","templated":true}]}}