{"id":3085,"date":"2024-09-06T10:55:15","date_gmt":"2024-09-06T08:55:15","guid":{"rendered":"https:\/\/hama-perlen.de\/hamaneu\/?post_type=product&#038;p=3085"},"modified":"2024-09-16T11:37:15","modified_gmt":"2024-09-16T09:37:15","slug":"8939-grosse-blisterpackung-kaninchen","status":"publish","type":"product","link":"https:\/\/hama-perlen.de\/hamaneu\/product\/8939-grosse-blisterpackung-kaninchen\/","title":{"rendered":"8939 Gro\u00dfe Blisterpackung Kaninchen"},"content":{"rendered":"<p>ca. 250 Perlen, 1 transparente Stiftplatte Kaninchen, 2 Motivst\u00fctzen, Anleitung, B\u00fcgelpapier<\/p>\n<p><img loading=\"lazy\" loading=\"lazy\" decoding=\"async\" class=\"alignnone wp-image-4763 \" src=\"https:\/\/hama-perlen.de\/hamaneu\/wp-content\/uploads\/2024\/09\/8939-Grosse-Blisterpackung-Kaninchen-Inhalt.jpg\" alt=\"\" width=\"540\" height=\"140\" srcset=\"https:\/\/hama-perlen.de\/hamaneu\/wp-content\/uploads\/2024\/09\/8939-Grosse-Blisterpackung-Kaninchen-Inhalt.jpg 598w, https:\/\/hama-perlen.de\/hamaneu\/wp-content\/uploads\/2024\/09\/8939-Grosse-Blisterpackung-Kaninchen-Inhalt-300x78.jpg 300w, https:\/\/hama-perlen.de\/hamaneu\/wp-content\/uploads\/2024\/09\/8939-Grosse-Blisterpackung-Kaninchen-Inhalt-4x1.jpg 4w, https:\/\/hama-perlen.de\/hamaneu\/wp-content\/uploads\/2024\/09\/8939-Grosse-Blisterpackung-Kaninchen-Inhalt-10x3.jpg 10w\" sizes=\"auto, (max-width: 540px) 100vw, 540px\" \/><\/p>\n","protected":false},"excerpt":{"rendered":"<p>ca. 250 Perlen, 1 transparente Stiftplatte Kaninchen, 2 Motivst\u00fctzen, Anleitung, B\u00fcgelpapier<\/p>\n","protected":false},"featured_media":4764,"template":"","meta":[],"etheme_brands":[{"term_id":405,"name":"Perlen Sortiment","slug":"perlen-sortiment","term_group":0,"term_taxonomy_id":405,"taxonomy":"brand","description":"","parent":0,"count":26,"filter":"raw"},{"term_id":51,"name":"Perlenblister","slug":"perlenblister","term_group":0,"term_taxonomy_id":51,"taxonomy":"brand","description":"","parent":0,"count":34,"filter":"raw"}],"product_brand":[],"product_cat":[64],"product_tag":[344,510,381,62,107],"class_list":{"0":"post-3085","1":"product","2":"type-product","3":"status-publish","4":"has-post-thumbnail","6":"brand-perlen-sortiment","7":"brand-perlenblister","8":"product_cat-maxi3","9":"product_tag-250-perlen","10":"product_tag-510","11":"product_tag-kaninchen","12":"product_tag-maxi","13":"product_tag-stiftplatte","15":"first","16":"instock","17":"taxable","18":"shipping-taxable","19":"purchasable","20":"product-type-simple"},"_links":{"self":[{"href":"https:\/\/hama-perlen.de\/hamaneu\/wp-json\/wp\/v2\/product\/3085","targetHints":{"allow":["GET"]}}],"collection":[{"href":"https:\/\/hama-perlen.de\/hamaneu\/wp-json\/wp\/v2\/product"}],"about":[{"href":"https:\/\/hama-perlen.de\/hamaneu\/wp-json\/wp\/v2\/types\/product"}],"version-history":[{"count":3,"href":"https:\/\/hama-perlen.de\/hamaneu\/wp-json\/wp\/v2\/product\/3085\/revisions"}],"predecessor-version":[{"id":4762,"href":"https:\/\/hama-perlen.de\/hamaneu\/wp-json\/wp\/v2\/product\/3085\/revisions\/4762"}],"wp:featuredmedia":[{"embeddable":true,"href":"https:\/\/hama-perlen.de\/hamaneu\/wp-json\/wp\/v2\/media\/4764"}],"wp:attachment":[{"href":"https:\/\/hama-perlen.de\/hamaneu\/wp-json\/wp\/v2\/media?parent=3085"}],"wp:term":[{"taxonomy":"brand","embeddable":true,"href":"https:\/\/hama-perlen.de\/hamaneu\/wp-json\/wp\/v2\/etheme_brands?post=3085"},{"taxonomy":"product_brand","embeddable":true,"href":"https:\/\/hama-perlen.de\/hamaneu\/wp-json\/wp\/v2\/product_brand?post=3085"},{"taxonomy":"product_cat","embeddable":true,"href":"https:\/\/hama-perlen.de\/hamaneu\/wp-json\/wp\/v2\/product_cat?post=3085"},{"taxonomy":"product_tag","embeddable":true,"href":"https:\/\/hama-perlen.de\/hamaneu\/wp-json\/wp\/v2\/product_tag?post=3085"}],"curies":[{"name":"wp","href":"https:\/\/api.w.org\/{rel}","templated":true}]}}