{"id":3084,"date":"2024-09-06T10:55:13","date_gmt":"2024-09-06T08:55:13","guid":{"rendered":"https:\/\/hama-perlen.de\/hamaneu\/?post_type=product&#038;p=3084"},"modified":"2024-09-16T11:41:02","modified_gmt":"2024-09-16T09:41:02","slug":"8938-grosse-blisterpackung-pinguin","status":"publish","type":"product","link":"https:\/\/hama-perlen.de\/hamaneu\/product\/8938-grosse-blisterpackung-pinguin\/","title":{"rendered":"8938 Gro\u00dfe Blisterpackung Pinguin"},"content":{"rendered":"<p>ca.250 Perlen, 1 transparente Stiftplatte Pinguin, 2 Motivst\u00fctzen, Anleitung, B\u00fcgelpapier<\/p>\n<p><img loading=\"lazy\" loading=\"lazy\" decoding=\"async\" class=\"alignnone wp-image-4773 \" src=\"https:\/\/hama-perlen.de\/hamaneu\/wp-content\/uploads\/2024\/09\/8938-Grosse-Blisterpackung-Pinguin-Inhalt.jpg\" alt=\"\" width=\"511\" height=\"140\" srcset=\"https:\/\/hama-perlen.de\/hamaneu\/wp-content\/uploads\/2024\/09\/8938-Grosse-Blisterpackung-Pinguin-Inhalt.jpg 602w, https:\/\/hama-perlen.de\/hamaneu\/wp-content\/uploads\/2024\/09\/8938-Grosse-Blisterpackung-Pinguin-Inhalt-300x82.jpg 300w, https:\/\/hama-perlen.de\/hamaneu\/wp-content\/uploads\/2024\/09\/8938-Grosse-Blisterpackung-Pinguin-Inhalt-600x164.jpg 600w, https:\/\/hama-perlen.de\/hamaneu\/wp-content\/uploads\/2024\/09\/8938-Grosse-Blisterpackung-Pinguin-Inhalt-4x1.jpg 4w, https:\/\/hama-perlen.de\/hamaneu\/wp-content\/uploads\/2024\/09\/8938-Grosse-Blisterpackung-Pinguin-Inhalt-10x3.jpg 10w\" sizes=\"auto, (max-width: 511px) 100vw, 511px\" \/><\/p>\n","protected":false},"excerpt":{"rendered":"<p>ca.250 Perlen, 1 transparente Stiftplatte Pinguin, 2 Motivst\u00fctzen, Anleitung, B\u00fcgelpapier<\/p>\n","protected":false},"featured_media":4774,"template":"","meta":[],"etheme_brands":[{"term_id":405,"name":"Perlen Sortiment","slug":"perlen-sortiment","term_group":0,"term_taxonomy_id":405,"taxonomy":"brand","description":"","parent":0,"count":26,"filter":"raw"},{"term_id":51,"name":"Perlenblister","slug":"perlenblister","term_group":0,"term_taxonomy_id":51,"taxonomy":"brand","description":"","parent":0,"count":34,"filter":"raw"}],"product_brand":[],"product_cat":[64],"product_tag":[344,513,62,382,107],"class_list":{"0":"post-3084","1":"product","2":"type-product","3":"status-publish","4":"has-post-thumbnail","6":"brand-perlen-sortiment","7":"brand-perlenblister","8":"product_cat-maxi3","9":"product_tag-250-perlen","10":"product_tag-513","11":"product_tag-maxi","12":"product_tag-pinguin","13":"product_tag-stiftplatte","15":"first","16":"instock","17":"taxable","18":"shipping-taxable","19":"purchasable","20":"product-type-simple"},"_links":{"self":[{"href":"https:\/\/hama-perlen.de\/hamaneu\/wp-json\/wp\/v2\/product\/3084","targetHints":{"allow":["GET"]}}],"collection":[{"href":"https:\/\/hama-perlen.de\/hamaneu\/wp-json\/wp\/v2\/product"}],"about":[{"href":"https:\/\/hama-perlen.de\/hamaneu\/wp-json\/wp\/v2\/types\/product"}],"version-history":[{"count":3,"href":"https:\/\/hama-perlen.de\/hamaneu\/wp-json\/wp\/v2\/product\/3084\/revisions"}],"predecessor-version":[{"id":4767,"href":"https:\/\/hama-perlen.de\/hamaneu\/wp-json\/wp\/v2\/product\/3084\/revisions\/4767"}],"wp:featuredmedia":[{"embeddable":true,"href":"https:\/\/hama-perlen.de\/hamaneu\/wp-json\/wp\/v2\/media\/4774"}],"wp:attachment":[{"href":"https:\/\/hama-perlen.de\/hamaneu\/wp-json\/wp\/v2\/media?parent=3084"}],"wp:term":[{"taxonomy":"brand","embeddable":true,"href":"https:\/\/hama-perlen.de\/hamaneu\/wp-json\/wp\/v2\/etheme_brands?post=3084"},{"taxonomy":"product_brand","embeddable":true,"href":"https:\/\/hama-perlen.de\/hamaneu\/wp-json\/wp\/v2\/product_brand?post=3084"},{"taxonomy":"product_cat","embeddable":true,"href":"https:\/\/hama-perlen.de\/hamaneu\/wp-json\/wp\/v2\/product_cat?post=3084"},{"taxonomy":"product_tag","embeddable":true,"href":"https:\/\/hama-perlen.de\/hamaneu\/wp-json\/wp\/v2\/product_tag?post=3084"}],"curies":[{"name":"wp","href":"https:\/\/api.w.org\/{rel}","templated":true}]}}