{"id":3007,"date":"2024-09-06T10:52:56","date_gmt":"2024-09-06T08:52:56","guid":{"rendered":"https:\/\/hama-perlen.de\/hamaneu\/?post_type=product&#038;p=3007"},"modified":"2024-09-13T16:06:03","modified_gmt":"2024-09-13T14:06:03","slug":"6751-grosse-aufbewahrungsbox-gefuellt","status":"publish","type":"product","link":"https:\/\/hama-perlen.de\/hamaneu\/product\/6751-grosse-aufbewahrungsbox-gefuellt\/","title":{"rendered":"6751 gro\u00dfe Aufbewahrungsbox gef\u00fcllt"},"content":{"rendered":"<p>1 Aufbewahrungsbox gro\u00df, ca. 12.000 Perlen, 3 Stiftplatten: Schmetterling, kleiner Hund, Sechseck medium, Motivvorlage, Anleitung, B\u00fcgelpapier<\/p>\n<p><img loading=\"lazy\" loading=\"lazy\" decoding=\"async\" class=\"alignnone wp-image-4591 \" src=\"https:\/\/hama-perlen.de\/hamaneu\/wp-content\/uploads\/2024\/09\/6751-grosse-Aufbewahrungsbox-gefuellt-Inhalt.jpg\" alt=\"\" width=\"832\" height=\"155\" srcset=\"https:\/\/hama-perlen.de\/hamaneu\/wp-content\/uploads\/2024\/09\/6751-grosse-Aufbewahrungsbox-gefuellt-Inhalt.jpg 896w, https:\/\/hama-perlen.de\/hamaneu\/wp-content\/uploads\/2024\/09\/6751-grosse-Aufbewahrungsbox-gefuellt-Inhalt-300x56.jpg 300w, https:\/\/hama-perlen.de\/hamaneu\/wp-content\/uploads\/2024\/09\/6751-grosse-Aufbewahrungsbox-gefuellt-Inhalt-768x143.jpg 768w, https:\/\/hama-perlen.de\/hamaneu\/wp-content\/uploads\/2024\/09\/6751-grosse-Aufbewahrungsbox-gefuellt-Inhalt-600x112.jpg 600w, https:\/\/hama-perlen.de\/hamaneu\/wp-content\/uploads\/2024\/09\/6751-grosse-Aufbewahrungsbox-gefuellt-Inhalt-4x1.jpg 4w, https:\/\/hama-perlen.de\/hamaneu\/wp-content\/uploads\/2024\/09\/6751-grosse-Aufbewahrungsbox-gefuellt-Inhalt-10x2.jpg 10w\" sizes=\"auto, (max-width: 832px) 100vw, 832px\" \/><\/p>\n<p>&nbsp;<\/p>\n","protected":false},"excerpt":{"rendered":"<p>1 Aufbewahrungsbox gro\u00df, ca. 12.000 Perlen, 3 Stiftplatten: Schmetterling, kleiner Hund, Sechseck medium, Motivvorlage, Anleitung, B\u00fcgelpapier.<\/p>\n","protected":false},"featured_media":4590,"template":"","meta":[],"etheme_brands":[{"term_id":455,"name":"Aufbewahrungsbox","slug":"aufbewahrungsbox","term_group":0,"term_taxonomy_id":455,"taxonomy":"brand","description":"","parent":0,"count":8,"filter":"raw"},{"term_id":53,"name":"Stiftplatten","slug":"stiftplatten01","term_group":0,"term_taxonomy_id":53,"taxonomy":"brand","description":"","parent":0,"count":159,"filter":"raw"}],"product_brand":[],"product_cat":[67],"product_tag":[459,460,456,457,85,195,458],"class_list":{"0":"post-3007","1":"product","2":"type-product","3":"status-publish","4":"has-post-thumbnail","6":"brand-aufbewahrungsbox","7":"brand-stiftplatten01","8":"product_cat-midi5","9":"product_tag-12-000-perlen","10":"product_tag-460","11":"product_tag-aufbewahrungsbox","12":"product_tag-kleiner-hund","13":"product_tag-midi","14":"product_tag-schmetterling","15":"product_tag-sechseck-medium","17":"first","18":"instock","19":"taxable","20":"shipping-taxable","21":"purchasable","22":"product-type-simple"},"_links":{"self":[{"href":"https:\/\/hama-perlen.de\/hamaneu\/wp-json\/wp\/v2\/product\/3007","targetHints":{"allow":["GET"]}}],"collection":[{"href":"https:\/\/hama-perlen.de\/hamaneu\/wp-json\/wp\/v2\/product"}],"about":[{"href":"https:\/\/hama-perlen.de\/hamaneu\/wp-json\/wp\/v2\/types\/product"}],"version-history":[{"count":3,"href":"https:\/\/hama-perlen.de\/hamaneu\/wp-json\/wp\/v2\/product\/3007\/revisions"}],"predecessor-version":[{"id":4589,"href":"https:\/\/hama-perlen.de\/hamaneu\/wp-json\/wp\/v2\/product\/3007\/revisions\/4589"}],"wp:featuredmedia":[{"embeddable":true,"href":"https:\/\/hama-perlen.de\/hamaneu\/wp-json\/wp\/v2\/media\/4590"}],"wp:attachment":[{"href":"https:\/\/hama-perlen.de\/hamaneu\/wp-json\/wp\/v2\/media?parent=3007"}],"wp:term":[{"taxonomy":"brand","embeddable":true,"href":"https:\/\/hama-perlen.de\/hamaneu\/wp-json\/wp\/v2\/etheme_brands?post=3007"},{"taxonomy":"product_brand","embeddable":true,"href":"https:\/\/hama-perlen.de\/hamaneu\/wp-json\/wp\/v2\/product_brand?post=3007"},{"taxonomy":"product_cat","embeddable":true,"href":"https:\/\/hama-perlen.de\/hamaneu\/wp-json\/wp\/v2\/product_cat?post=3007"},{"taxonomy":"product_tag","embeddable":true,"href":"https:\/\/hama-perlen.de\/hamaneu\/wp-json\/wp\/v2\/product_tag?post=3007"}],"curies":[{"name":"wp","href":"https:\/\/api.w.org\/{rel}","templated":true}]}}