{"id":2922,"date":"2024-09-06T10:50:23","date_gmt":"2024-09-06T08:50:23","guid":{"rendered":"https:\/\/hama-perlen.de\/hamaneu\/?post_type=product&#038;p=2922"},"modified":"2024-09-19T11:35:27","modified_gmt":"2024-09-19T09:35:27","slug":"224-buegelpapier","status":"publish","type":"product","link":"https:\/\/hama-perlen.de\/hamaneu\/product\/224-buegelpapier\/","title":{"rendered":"224 B\u00fcgelpapier"},"content":{"rendered":"<p>Zubeh\u00f6rt\u00fcte mit\u00a0 B\u00fcgelpapier<\/p>\n<p>4 Stck. je Beutel und Anleitung.<\/p>\n","protected":false},"excerpt":{"rendered":"<p>Zubeh\u00f6rt\u00fcte mit mehreren B\u00f6gen B\u00fcgelpapier<\/p>\n<p>&nbsp;<\/p>\n","protected":false},"featured_media":5672,"template":"","meta":[],"etheme_brands":[{"term_id":468,"name":"Inspirations-Hefte &amp; Zubeh\u00f6r","slug":"inspirations-hefte-zubehoer","term_group":0,"term_taxonomy_id":468,"taxonomy":"brand","description":"","parent":0,"count":17,"filter":"raw"}],"product_brand":[],"product_cat":[67],"product_tag":[681],"class_list":{"0":"post-2922","1":"product","2":"type-product","3":"status-publish","4":"has-post-thumbnail","6":"brand-inspirations-hefte-zubehoer","7":"product_cat-midi5","8":"product_tag-buegelpapier","10":"first","11":"instock","12":"taxable","13":"shipping-taxable","14":"purchasable","15":"product-type-simple"},"_links":{"self":[{"href":"https:\/\/hama-perlen.de\/hamaneu\/wp-json\/wp\/v2\/product\/2922","targetHints":{"allow":["GET"]}}],"collection":[{"href":"https:\/\/hama-perlen.de\/hamaneu\/wp-json\/wp\/v2\/product"}],"about":[{"href":"https:\/\/hama-perlen.de\/hamaneu\/wp-json\/wp\/v2\/types\/product"}],"version-history":[{"count":3,"href":"https:\/\/hama-perlen.de\/hamaneu\/wp-json\/wp\/v2\/product\/2922\/revisions"}],"predecessor-version":[{"id":5673,"href":"https:\/\/hama-perlen.de\/hamaneu\/wp-json\/wp\/v2\/product\/2922\/revisions\/5673"}],"wp:featuredmedia":[{"embeddable":true,"href":"https:\/\/hama-perlen.de\/hamaneu\/wp-json\/wp\/v2\/media\/5672"}],"wp:attachment":[{"href":"https:\/\/hama-perlen.de\/hamaneu\/wp-json\/wp\/v2\/media?parent=2922"}],"wp:term":[{"taxonomy":"brand","embeddable":true,"href":"https:\/\/hama-perlen.de\/hamaneu\/wp-json\/wp\/v2\/etheme_brands?post=2922"},{"taxonomy":"product_brand","embeddable":true,"href":"https:\/\/hama-perlen.de\/hamaneu\/wp-json\/wp\/v2\/product_brand?post=2922"},{"taxonomy":"product_cat","embeddable":true,"href":"https:\/\/hama-perlen.de\/hamaneu\/wp-json\/wp\/v2\/product_cat?post=2922"},{"taxonomy":"product_tag","embeddable":true,"href":"https:\/\/hama-perlen.de\/hamaneu\/wp-json\/wp\/v2\/product_tag?post=2922"}],"curies":[{"name":"wp","href":"https:\/\/api.w.org\/{rel}","templated":true}]}}