{"id":2360,"date":"2024-09-06T10:34:38","date_gmt":"2024-09-06T08:34:38","guid":{"rendered":"https:\/\/hama-perlen.de\/hamaneu\/?post_type=product&#038;p=2360"},"modified":"2024-09-16T10:40:06","modified_gmt":"2024-09-16T08:40:06","slug":"4454-beutel-mit-stiftplatten","status":"publish","type":"product","link":"https:\/\/hama-perlen.de\/hamaneu\/product\/4454-beutel-mit-stiftplatten\/","title":{"rendered":"4454 Beutel mit Stiftplatten"},"content":{"rendered":"<h2><span class=\"title\">Beutel mit Stiftplatten\u00a0<\/span><span class=\"number\">4454<\/span><\/h2>\n<p>1 gro\u00dfe herzf\u00f6rmige Nr. 233 und 1 gro\u00dfe sechseckige Nr. 276.<\/p>\n<p><img loading=\"lazy\" loading=\"lazy\" decoding=\"async\" class=\"alignnone wp-image-4664 \" src=\"https:\/\/hama-perlen.de\/hamaneu\/wp-content\/uploads\/2024\/09\/4454inhalt.jpg\" alt=\"\" width=\"464\" height=\"117\" srcset=\"https:\/\/hama-perlen.de\/hamaneu\/wp-content\/uploads\/2024\/09\/4454inhalt.jpg 817w, https:\/\/hama-perlen.de\/hamaneu\/wp-content\/uploads\/2024\/09\/4454inhalt-300x76.jpg 300w, https:\/\/hama-perlen.de\/hamaneu\/wp-content\/uploads\/2024\/09\/4454inhalt-768x194.jpg 768w, https:\/\/hama-perlen.de\/hamaneu\/wp-content\/uploads\/2024\/09\/4454inhalt-600x151.jpg 600w, https:\/\/hama-perlen.de\/hamaneu\/wp-content\/uploads\/2024\/09\/4454inhalt-4x1.jpg 4w, https:\/\/hama-perlen.de\/hamaneu\/wp-content\/uploads\/2024\/09\/4454inhalt-10x3.jpg 10w\" sizes=\"auto, (max-width: 464px) 100vw, 464px\" \/><\/p>\n","protected":false},"excerpt":{"rendered":"<p>1 gro\u00dfe herzf\u00f6rmige Nr. 233 und 1 gro\u00dfe sechseckige Nr. 276.<\/p>\n","protected":false},"featured_media":4663,"template":"","meta":[],"etheme_brands":[{"term_id":53,"name":"Stiftplatten","slug":"stiftplatten01","term_group":0,"term_taxonomy_id":53,"taxonomy":"brand","description":"","parent":0,"count":159,"filter":"raw"}],"product_brand":[],"product_cat":[67],"product_tag":[477,85,478,73],"class_list":{"0":"post-2360","1":"product","2":"type-product","3":"status-publish","4":"has-post-thumbnail","6":"brand-stiftplatten01","7":"product_cat-midi5","8":"product_tag-herzform","9":"product_tag-midi","10":"product_tag-sechseckig","11":"product_tag-stiftplatten","13":"first","14":"instock","15":"taxable","16":"shipping-taxable","17":"purchasable","18":"product-type-simple"},"_links":{"self":[{"href":"https:\/\/hama-perlen.de\/hamaneu\/wp-json\/wp\/v2\/product\/2360","targetHints":{"allow":["GET"]}}],"collection":[{"href":"https:\/\/hama-perlen.de\/hamaneu\/wp-json\/wp\/v2\/product"}],"about":[{"href":"https:\/\/hama-perlen.de\/hamaneu\/wp-json\/wp\/v2\/types\/product"}],"version-history":[{"count":3,"href":"https:\/\/hama-perlen.de\/hamaneu\/wp-json\/wp\/v2\/product\/2360\/revisions"}],"predecessor-version":[{"id":4666,"href":"https:\/\/hama-perlen.de\/hamaneu\/wp-json\/wp\/v2\/product\/2360\/revisions\/4666"}],"wp:featuredmedia":[{"embeddable":true,"href":"https:\/\/hama-perlen.de\/hamaneu\/wp-json\/wp\/v2\/media\/4663"}],"wp:attachment":[{"href":"https:\/\/hama-perlen.de\/hamaneu\/wp-json\/wp\/v2\/media?parent=2360"}],"wp:term":[{"taxonomy":"brand","embeddable":true,"href":"https:\/\/hama-perlen.de\/hamaneu\/wp-json\/wp\/v2\/etheme_brands?post=2360"},{"taxonomy":"product_brand","embeddable":true,"href":"https:\/\/hama-perlen.de\/hamaneu\/wp-json\/wp\/v2\/product_brand?post=2360"},{"taxonomy":"product_cat","embeddable":true,"href":"https:\/\/hama-perlen.de\/hamaneu\/wp-json\/wp\/v2\/product_cat?post=2360"},{"taxonomy":"product_tag","embeddable":true,"href":"https:\/\/hama-perlen.de\/hamaneu\/wp-json\/wp\/v2\/product_tag?post=2360"}],"curies":[{"name":"wp","href":"https:\/\/api.w.org\/{rel}","templated":true}]}}