{"id":2353,"date":"2024-09-06T10:34:25","date_gmt":"2024-09-06T08:34:25","guid":{"rendered":"https:\/\/hama-perlen.de\/hamaneu\/?post_type=product&#038;p=2353"},"modified":"2024-09-06T15:14:55","modified_gmt":"2024-09-06T13:14:55","slug":"3434-geschenkpackung-dinowelt","status":"publish","type":"product","link":"https:\/\/hama-perlen.de\/hamaneu\/product\/3434-geschenkpackung-dinowelt\/","title":{"rendered":"3434 Geschenkpackung Dinowelt"},"content":{"rendered":"<h2><span class=\"title\">Dino-Welt\u00a0<\/span><span class=\"number\">3434<\/span><\/h2>\n<p>Ca. 2.000 Perlen, 1 gro\u00dfe viereckige Stiftplatte Nr. 234, 6 Motivst\u00fctzen, Motiv-Vorlage, Anleitung und B\u00fcgelpapier.<\/p>\n<p><img loading=\"lazy\" loading=\"lazy\" decoding=\"async\" class=\"alignnone wp-image-3500 \" src=\"https:\/\/hama-perlen.de\/hamaneu\/wp-content\/uploads\/2024\/09\/3434inhalt.jpg\" alt=\"\" width=\"974\" height=\"241\" srcset=\"https:\/\/hama-perlen.de\/hamaneu\/wp-content\/uploads\/2024\/09\/3434inhalt.jpg 2263w, https:\/\/hama-perlen.de\/hamaneu\/wp-content\/uploads\/2024\/09\/3434inhalt-300x74.jpg 300w, https:\/\/hama-perlen.de\/hamaneu\/wp-content\/uploads\/2024\/09\/3434inhalt-1024x253.jpg 1024w, https:\/\/hama-perlen.de\/hamaneu\/wp-content\/uploads\/2024\/09\/3434inhalt-768x190.jpg 768w, https:\/\/hama-perlen.de\/hamaneu\/wp-content\/uploads\/2024\/09\/3434inhalt-1536x380.jpg 1536w, https:\/\/hama-perlen.de\/hamaneu\/wp-content\/uploads\/2024\/09\/3434inhalt-2048x507.jpg 2048w, https:\/\/hama-perlen.de\/hamaneu\/wp-content\/uploads\/2024\/09\/3434inhalt-600x148.jpg 600w, https:\/\/hama-perlen.de\/hamaneu\/wp-content\/uploads\/2024\/09\/3434inhalt-4x1.jpg 4w, https:\/\/hama-perlen.de\/hamaneu\/wp-content\/uploads\/2024\/09\/3434inhalt-10x2.jpg 10w\" sizes=\"auto, (max-width: 974px) 100vw, 974px\" \/><\/p>\n","protected":false},"excerpt":{"rendered":"<p>Ca. 2.000 Perlen, 1 gro\u00dfe viereckige Stiftplatte Nr. 234, 6 Motivst\u00fctzen, Motiv-Vorlage, Anleitung und B\u00fcgelpapier.<\/p>\n","protected":false},"featured_media":3505,"template":"","meta":[],"etheme_brands":[],"product_brand":[],"product_cat":[67],"product_tag":[102,88,103,82,85],"class_list":{"0":"post-2353","1":"product","2":"type-product","3":"status-publish","4":"has-post-thumbnail","6":"product_cat-midi5","7":"product_tag-102","8":"product_tag-ab-5-jahre","9":"product_tag-dinowelt","10":"product_tag-geschenkpackung","11":"product_tag-midi","13":"first","14":"instock","15":"taxable","16":"shipping-taxable","17":"purchasable","18":"product-type-simple"},"_links":{"self":[{"href":"https:\/\/hama-perlen.de\/hamaneu\/wp-json\/wp\/v2\/product\/2353","targetHints":{"allow":["GET"]}}],"collection":[{"href":"https:\/\/hama-perlen.de\/hamaneu\/wp-json\/wp\/v2\/product"}],"about":[{"href":"https:\/\/hama-perlen.de\/hamaneu\/wp-json\/wp\/v2\/types\/product"}],"version-history":[{"count":3,"href":"https:\/\/hama-perlen.de\/hamaneu\/wp-json\/wp\/v2\/product\/2353\/revisions"}],"predecessor-version":[{"id":3499,"href":"https:\/\/hama-perlen.de\/hamaneu\/wp-json\/wp\/v2\/product\/2353\/revisions\/3499"}],"wp:featuredmedia":[{"embeddable":true,"href":"https:\/\/hama-perlen.de\/hamaneu\/wp-json\/wp\/v2\/media\/3505"}],"wp:attachment":[{"href":"https:\/\/hama-perlen.de\/hamaneu\/wp-json\/wp\/v2\/media?parent=2353"}],"wp:term":[{"taxonomy":"brand","embeddable":true,"href":"https:\/\/hama-perlen.de\/hamaneu\/wp-json\/wp\/v2\/etheme_brands?post=2353"},{"taxonomy":"product_brand","embeddable":true,"href":"https:\/\/hama-perlen.de\/hamaneu\/wp-json\/wp\/v2\/product_brand?post=2353"},{"taxonomy":"product_cat","embeddable":true,"href":"https:\/\/hama-perlen.de\/hamaneu\/wp-json\/wp\/v2\/product_cat?post=2353"},{"taxonomy":"product_tag","embeddable":true,"href":"https:\/\/hama-perlen.de\/hamaneu\/wp-json\/wp\/v2\/product_tag?post=2353"}],"curies":[{"name":"wp","href":"https:\/\/api.w.org\/{rel}","templated":true}]}}